{"id":24,"date":"2017-06-23T19:22:23","date_gmt":"2017-06-23T19:22:23","guid":{"rendered":"http:\/\/www.frank-actor.com\/?page_id=24"},"modified":"2017-08-01T15:15:20","modified_gmt":"2017-08-01T15:15:20","slug":"vita","status":"publish","type":"page","link":"https:\/\/www.frank-actor.com\/?page_id=24","title":{"rendered":"Vita"},"content":{"rendered":"<h1 class=\"animated fadeInLeft fadeIn\">Film-Fernsehn Auswahl seit 2000<\/h1>\n<div class=\"wow bounceInUp\">\n<div class=\"grey\">\n<p><strong>Werbespot:\u00a0<\/strong>Entega Pro7 Sat1 2016<\/p>\n<hr \/>\n<p><strong>Produktion:<\/strong> Pro7\/Sat1 Regie: Horst Czenskowski<\/p>\n<hr \/>\n<p><strong>Rolle:<\/strong> Rocker<\/p>\n<\/div>\n<\/div>\n<hr \/>\n<div class=\"wow bounceInUp\">\n<div class=\"grey\">\n<p><strong>Film:<\/strong> In Gefahr SAT1 2016<\/p>\n<hr \/>\n<p><strong>Produktion<\/strong>: Constantin Entertainment<\/p>\n<hr \/>\n<p><strong>Regie:<\/strong> Daniela Grisser<\/p>\n<hr \/>\n<p><strong>Rolle:<\/strong> Peter\/ Security<\/p>\n<hr \/>\n<\/div>\n<\/div>\n<hr \/>\n<div class=\"wow bounceInUp\">\n<div class=\"grey\">\n<p><strong>Film<\/strong>: Clima van Dell, ein Super Held 2014<\/p>\n<hr \/>\n<p><strong>Produktion:<\/strong> HFF M\u00fcnchen<\/p>\n<hr \/>\n<p><strong>Regie<\/strong>: Oliver Mohr Rolle: Hauptrolle Clima van Dell<\/p>\n<hr \/>\n<\/div>\n<\/div>\n<hr \/>\n<div class=\"wow bounceInUp\">\n<div class=\"grey\">\n<p><strong><br \/>\nSpielfilm:<\/strong>\u00a0 Russian Roulette 2012 (Spielfilm) Frank Beier mit Pistole<\/p>\n<hr \/>\n<p><strong>Produktion:<\/strong>\u00a0 Marchwart Films<\/p>\n<hr \/>\n<p><strong>Regie:\u00a0<\/strong> Michael Orso<\/p>\n<hr \/>\n<p><strong>Rolle:<\/strong>\u00a0 Kommissar Frank Bodoni<\/p>\n<hr \/>\n<\/div>\n<\/div>\n<hr \/>\n<div class=\"wow bounceInUp\">\n<div class=\"grey\">\n<p><strong>Spielfilm:\u00a0<\/strong> Nicht ist f\u00fcr die Ewigkeit (Spielfilm) 2010<\/p>\n<hr \/>\n<p><strong>Produktion:\u00a0<\/strong> ORSONS Production<\/p>\n<hr \/>\n<p><strong>Rolle:\u00a0<\/strong> Kommissar Frank Boldoni<\/p>\n<hr \/>\n<\/div>\n<\/div>\n<hr \/>\n<div class=\"wow bounceInUp\">\n<div class=\"grey\">\n<p><strong>Spielfilm:\u00a0<\/strong> Fantrailer Alien vs Predator \/2009<strong>Produktion:\u00a0<\/strong> Mahoon Production<\/p>\n<hr \/>\n<p><strong>Rolle:\u00a0<\/strong> Soldat<\/p>\n<hr \/>\n<\/div>\n<\/div>\n<hr \/>\n<div class=\"wow bounceInUp\">\n<div class=\"grey\">\n<p><strong>Spielfilm:\u00a0<\/strong> Spaceship Tydirium (Si-Fi) \/2008<\/p>\n<hr \/>\n<p><strong>Produktion:\u00a0<\/strong> Tydirium Production<\/p>\n<hr \/>\n<p><strong>Rolle:\u00a0<\/strong> Gesch\u00fctzoffizier<\/p>\n<hr \/>\n<\/div>\n<\/div>\n<hr \/>\n<div class=\"wow bounceInUp\">\n<div class=\"grey\">\n<p><strong>Spielfilm:<\/strong>\u00a0 Descendants of Order 66 (Horror) \/2008 Frank Beier im Anzug<\/p>\n<hr \/>\n<p><strong>Produktion:\u00a0<\/strong> Bantha Poodoo Productions<\/p>\n<hr \/>\n<p><strong>Rolle:\u00a0<\/strong> Kopfgeldj\u00e4ger<\/p>\n<hr \/>\n<\/div>\n<\/div>\n<hr \/>\n<div class=\"wow bounceInUp\">\n<div class=\"grey\">\n<p><strong>Spielfilm:\u00a0<\/strong> Tortura (Horror) \/2007<\/p>\n<hr \/>\n<p><strong> Produktion:\u00a0<\/strong> Matador Film Productions<\/p>\n<hr \/>\n<p><strong>Rolle:\u00a0<\/strong> Vince<\/p>\n<hr \/>\n<\/div>\n<\/div>\n<hr \/>\n<div class=\"wow bounceInUp\">\n<div class=\"grey\">\n<p><strong>Spielfilm:\u00a0<\/strong> Infekt (Horror) \/2007<\/p>\n<hr \/>\n<p><strong>Produktion:\u00a0<\/strong> Matador Film Productions<\/p>\n<hr \/>\n<p><strong>Rolle:\u00a0<\/strong> Jason Willks<\/p>\n<hr \/>\n<\/div>\n<\/div>\n<hr \/>\n<div class=\"wow bounceInUp\">\n<div class=\"grey\">\n<p><strong>Spielfilm:\u00a0<\/strong> The Hereafter \/2006 Frank Beier<\/p>\n<hr \/>\n<p><strong>Produktion:\u00a0<\/strong> No Artists Productions<\/p>\n<hr \/>\n<p><strong>Regie:<\/strong>\u00a0 Jessica Cerny<\/p>\n<hr \/>\n<p><strong>Rolle:\u00a0<\/strong> Rick<\/p>\n<hr \/>\n<\/div>\n<\/div>\n<hr \/>\n<div class=\"wow bounceInUp\">\n<div class=\"grey\">\n<p><strong>Star TV:<\/strong>\u00a0 Sendung Freestyle \/2003<\/p>\n<hr \/>\n<p><strong>Produktion:\u00a0<\/strong> Star TV Schweiz<\/p>\n<hr \/>\n<p><strong>Rolle:\u00a0<\/strong> Moderation Reiseziele Griechenland<\/p>\n<hr \/>\n<\/div>\n<\/div>\n<hr \/>\n<div class=\"wow bounceInUp\">\n<div class=\"grey\">\n<p><strong>TUI:\u00a0<\/strong> Firmenpr\u00e4sentation \/2003<\/p>\n<hr \/>\n<p><strong>Produktion:\u00a0<\/strong> intern<\/p>\n<hr \/>\n<p><strong>Rolle:\u00a0<\/strong> Gast im Robinson Clubs<\/p>\n<hr \/>\n<\/div>\n<\/div>\n<hr \/>\n<div class=\"wow bounceInUp\">\n<div class=\"grey\">\n<p><strong>Werbespot:<\/strong> Siemens \/2003 Frank Beier<\/p>\n<hr \/>\n<p><strong>Produktion:\u00a0<\/strong> Emanon Film<\/p>\n<hr \/>\n<p><strong>Rolle:<\/strong> Sicherheitsbeamter<\/p>\n<hr \/>\n<\/div>\n<\/div>\n<hr \/>\n<div class=\"wow bounceInUp\">\n<div class=\"grey\">\n<p><strong> PRO 7:<\/strong> Mission Germany \/2002<\/p>\n<hr \/>\n<p><strong>Produktion:\u00a0<\/strong> Kirchmedia Entertainment<\/p>\n<hr \/>\n<p><strong>Produzent:<\/strong>\u00a0 Otto Steiner<\/p>\n<hr \/>\n<p><strong>Hauptrolle:<\/strong>\u00a0 Agent Frank<\/p>\n<hr \/>\n<\/div>\n<\/div>\n<hr \/>\n<div class=\"wow bounceInUp\">\n<div class=\"grey\">\n<p><strong>RTL:\u00a0<\/strong> Motorrad Cops \/2001<\/p>\n<hr \/>\n<p><strong>Produktion:\u00a0<\/strong> Action Concept<\/p>\n<hr \/>\n<p><strong>Regie:\u00a0<\/strong> R. Heimrich<\/p>\n<hr \/>\n<p><strong>Rolle:\u00a0<\/strong> Fernando Terrorist<\/p>\n<hr \/>\n<\/div>\n<\/div>\n<hr \/>\n<div class=\"wow bounceInUp\">\n<div class=\"grey\">\n<p><strong>Kurzfilm:\u00a0<\/strong> Die Beichte Frank Beier<\/p>\n<hr \/>\n<p><strong>Produktion:\u00a0<\/strong> Mr Dick Produktion<\/p>\n<hr \/>\n<p><strong>Rolle:\u00a0<\/strong> Polizist<\/p>\n<hr \/>\n<\/div>\n<\/div>\n<hr \/>\n<div class=\"wow bounceInUp\">\n<div class=\"grey\">\n<p><strong>SAT 1:\u00a0<\/strong> Werbe Trailer die Aktie Gelb Deutsche Post \/2000<\/p>\n<hr \/>\n<p><strong>Produktion:<\/strong> Bonito<\/p>\n<hr \/>\n<p><strong>Regie:\u00a0<\/strong> T. Steiner<\/p>\n<hr \/>\n<p><strong>Rolle:\u00a0<\/strong> Tom Gerlach Fitness Studio Besitzer<\/p>\n<hr \/>\n<\/div>\n<\/div>\n<hr \/>\n<h1 class=\"wow fadeInLeft fadeIn\">Theater<\/h1>\n<p>&nbsp;<\/p>\n<div class=\"wow bounceInUp\">\n<div class=\"grey\">\n<p><strong>Produktion:\u00a0<\/strong> Die Nervens\u00e4ge (Kom\u00f6die) 2011\/2012<\/p>\n<hr \/>\n<p><strong>Regie:\u00a0<\/strong> Paul El Selmann<\/p>\n<hr \/>\n<p><strong>Rolle:\u00a0<\/strong> Ralph (Hauptrolle)<\/p>\n<hr \/>\n<\/div>\n<\/div>\n<hr \/>\n<div class=\"wow bounceInUp\">\n<div class=\"grey\">\n<p><strong>Produktion:\u00a0<\/strong> Beziehungsgeschichten (Kom\u00f6die) 2011<\/p>\n<hr \/>\n<p><strong>Regie:\u00a0<\/strong> Paul El Selmann<\/p>\n<hr \/>\n<p><strong>Rolle:\u00a0<\/strong> Frank (Hauptrolle)<\/p>\n<hr \/>\n<\/div>\n<\/div>\n<hr \/>\n<div class=\"wow bounceInUp\">\n<div class=\"grey\">\n<p><strong>Produktion:<\/strong> Die Drei vom anderen Stern 2007<\/p>\n<hr \/>\n<p><strong>Regie:<\/strong> Steff Mandel<\/p>\n<hr \/>\n<p><strong>Rolle:<\/strong> Rocky<\/p>\n<hr \/>\n<\/div>\n<\/div>\n<hr \/>\n<div class=\"wow bounceInUp\">\n<div class=\"grey\">\n<p><strong>Produktion:<\/strong> Das Wirtshaus am Peleponnes 2006<\/p>\n<hr \/>\n<p><strong>Regie:<\/strong> Steff Mandel<\/p>\n<hr \/>\n<p><strong>Rolle:<\/strong> Sklave Phex (Hauptrolle)<\/p>\n<hr \/>\n<\/div>\n<\/div>\n<hr \/>\n<div class=\"wow bounceInUp\">\n<div class=\"grey\">\n<p><strong>Produktion:<\/strong> My fair Lady, 2004-2005<\/p>\n<hr \/>\n<p><strong>Regie:<\/strong> Steff Mandel<\/p>\n<hr \/>\n<p><strong>Rolle:<\/strong> Prof. Higgins (Hauptrolle)<\/p>\n<hr \/>\n<\/div>\n<\/div>\n<hr \/>\n<div class=\"wow bounceInUp\">\n<div class=\"grey\">\n<p><strong>Produktion:<\/strong> Alexander der Grosse, 2005<\/p>\n<hr \/>\n<p><strong>Regie:<\/strong> M. Schild<\/p>\n<hr \/>\n<p><strong>Rolle:<\/strong> Heveistion<\/p>\n<hr \/>\n<\/div>\n<\/div>\n<hr \/>\n<div class=\"wow bounceInUp\">\n<div class=\"grey\">\n<p><strong>Produktion:<\/strong> Der L\u00fcgner, 2004<\/p>\n<hr \/>\n<p><strong>Regie:<\/strong> P. Kustermann<\/p>\n<hr \/>\n<p><strong>Rolle:<\/strong> Otavio (Hauptrolle)<\/p>\n<hr \/>\n<\/div>\n<\/div>\n<hr \/>\n<div class=\"wow bounceInUp\">\n<div class=\"grey\">\n<p><strong>Produktion:<\/strong> Zum weissen R\u00f6ssel, 2004<\/p>\n<hr \/>\n<p><strong>Regie:<\/strong> M. Schild<\/p>\n<hr \/>\n<p><strong>Rolle:<\/strong> Kellner Picollo<\/p>\n<hr \/>\n<\/div>\n<\/div>\n<hr \/>\n<div class=\"wow bounceInUp\">\n<div class=\"grey\">\n<p><strong>Produktion:<\/strong> Rocky Horror Show, 2004<\/p>\n<hr \/>\n<p><strong>Regie:<\/strong> G. Hartmann<\/p>\n<hr \/>\n<p><strong>Rolle:<\/strong> Rocky<\/p>\n<hr \/>\n<\/div>\n<\/div>\n<hr \/>\n<div class=\"wow bounceInUp\">\n<div class=\"grey\">\n<p><strong>Produktion:<\/strong> Der Neurosenkavalier, 1999<\/p>\n<hr \/>\n<p><strong>Regie:<\/strong> R. Woop<\/p>\n<hr \/>\n<p><strong>Rolle:<\/strong> Doktor Steffen (Hauptrolle)<\/p>\n<hr \/>\n<\/div>\n<\/div>\n<hr \/>\n<h1 class=\"wow fadeInLeft fadeIn\">Gesang<\/h1>\n<p>&nbsp;<\/p>\n<div class=\"wow bounceInUp\">\n<div class=\"grey\">\n<h3>Musical Night M\u00fcnchen 2009 Frank Beier als Tenor<\/h3>\n<hr \/>\n<p><strong>Titel:<\/strong> Schwarze Schatten &#8211; aus Ludwig 2<\/p>\n<hr \/>\n<p><strong>Titel:<\/strong> Der letzte Tanz-\u00a0 aus Elisabeth<\/p>\n<hr \/>\n<p><strong>Titel:<\/strong> Sunset Boulevard &#8211; aus Sunset Bouleward<\/p>\n<hr \/>\n<\/div>\n<\/div>\n<hr \/>\n<div class=\"wow bounceInUp\">\n<div class=\"grey\">\n<h3>Die Nacht der Langen Musik in M\u00fcnchen Musikschule C.S\u00f6hn 2008<\/h3>\n<hr \/>\n<p><strong>Titel:\u00a0<\/strong> Luke be a Lady &#8211; aus Guys and Dolls<\/p>\n<hr \/>\n<p><strong>Titel:\u00a0<\/strong> Sunset Bouleward aus Sunset Bouleward<\/p>\n<hr \/>\n<p><strong>Titel:<\/strong> Caro mio ben Italienische Opern Arrie<\/p>\n<hr \/>\n<\/div>\n<\/div>\n<hr \/>\n<h1 class=\"wow fadeInLeft fadeIn\">H\u00f6rspiele<\/h1>\n<p>&nbsp;<\/p>\n<div class=\"wow bounceInUp\">\n<div class=\"grey\">\n<h3>Der entfesselte D\u00e4mon, von David Case 2012<\/h3>\n<p><strong>Produktion:<\/strong> Action Verlag G\u00f6ttingen<\/p>\n<hr \/>\n<h3>M\u00e4nnerspielsachen, von Sfefan Schickedanz 2010<\/h3>\n<p><strong>Produktion:<\/strong> Action Verlag G\u00f6ttingen<\/p>\n<hr \/>\n<h3>Der Todesengel, Fantasy Roman 2010<\/h3>\n<p><strong>Produktion:<\/strong> Action Verlag G\u00f6ttingen<\/p>\n<hr \/>\n<h3>Das Sandm\u00e4nnchen kommt (H\u00f6rbuch f\u00fcr Kinder) \/2008<\/h3>\n<p><strong>Produktion:<\/strong> Oerly Musikschule<\/p>\n<hr \/>\n<p><strong>Regie:<\/strong> Barbara Clarck<\/p>\n<hr \/>\n<\/div>\n<\/div>\n<p><a href=\"http:\/\/www.frank-actor.com\/wp-content\/uploads\/2017\/08\/FRANK-BEIER-Schauspieler-Vita-2017-2.pdf\" target=\"_blank\" rel=\"noopener\">Download meiner Vita<\/a><\/p>\n<div id=\"dc_vk_code\" style=\"display: none;\"><\/div>\n","protected":false},"excerpt":{"rendered":"<p>Film-Fernsehn Auswahl seit 2000 Werbespot:\u00a0Entega Pro7 Sat1 2016 Produktion: Pro7\/Sat1 Regie: Horst Czenskowski Rolle: Rocker Film: In Gefahr SAT1 2016 Produktion: Constantin Entertainment Regie: Daniela Grisser Rolle: Peter\/ Security Film: Clima van Dell, ein Super Held 2014 Produktion: HFF M\u00fcnchen Regie: Oliver Mohr Rolle: Hauptrolle Clima van Dell Spielfilm:\u00a0 Russian Roulette 2012 (Spielfilm) Frank Beier&hellip;<\/p>\n","protected":false},"author":1,"featured_media":0,"parent":0,"menu_order":0,"comment_status":"closed","ping_status":"closed","template":"","meta":{"jetpack_post_was_ever_published":false,"footnotes":""},"class_list":["post-24","page","type-page","status-publish","hentry","no-post-thumbnail","post-grid-3-col","entry"],"jetpack_sharing_enabled":true,"jetpack_shortlink":"https:\/\/wp.me\/P8P08l-o","_links":{"self":[{"href":"https:\/\/www.frank-actor.com\/index.php?rest_route=\/wp\/v2\/pages\/24","targetHints":{"allow":["GET"]}}],"collection":[{"href":"https:\/\/www.frank-actor.com\/index.php?rest_route=\/wp\/v2\/pages"}],"about":[{"href":"https:\/\/www.frank-actor.com\/index.php?rest_route=\/wp\/v2\/types\/page"}],"author":[{"embeddable":true,"href":"https:\/\/www.frank-actor.com\/index.php?rest_route=\/wp\/v2\/users\/1"}],"replies":[{"embeddable":true,"href":"https:\/\/www.frank-actor.com\/index.php?rest_route=%2Fwp%2Fv2%2Fcomments&post=24"}],"version-history":[{"count":2,"href":"https:\/\/www.frank-actor.com\/index.php?rest_route=\/wp\/v2\/pages\/24\/revisions"}],"predecessor-version":[{"id":252,"href":"https:\/\/www.frank-actor.com\/index.php?rest_route=\/wp\/v2\/pages\/24\/revisions\/252"}],"wp:attachment":[{"href":"https:\/\/www.frank-actor.com\/index.php?rest_route=%2Fwp%2Fv2%2Fmedia&parent=24"}],"curies":[{"name":"wp","href":"https:\/\/api.w.org\/{rel}","templated":true}]}}