{"id":27,"date":"2017-06-23T19:29:24","date_gmt":"2017-06-23T19:29:24","guid":{"rendered":"http:\/\/www.frank-actor.com\/?page_id=27"},"modified":"2024-12-03T00:46:35","modified_gmt":"2024-12-03T00:46:35","slug":"hoerspiele","status":"publish","type":"page","link":"https:\/\/www.frank-actor.com\/?page_id=27","title":{"rendered":"H\u00f6rproben\/ Audio"},"content":{"rendered":"<h1 class=\"animated bounceInDown\" style=\"text-align: center;\">H\u00f6rproben<\/h1>\n<hr \/>\n<div class=\"grey\" style=\"text-align: justify;\">H\u00f6rspiele, H\u00f6rb\u00fccher, Werbesprecher, Offset und Podcast sind eine grosse Leidenschaft von mir. Ich spreche mit einen warmen, seichten Ton, kann aber auch in den Bass Bereich abtauchen. Durch meine Gesangsausbildung ist meine Stimme sehr wandelbar und vielseitig einsetzbar.<br \/>\nHier h\u00f6ren sie einen kleinen Ausschnitt von\u00a0 verschiedenen Produktionen.<\/div>\n<hr \/>\n<audio class=\"wp-audio-shortcode\" id=\"audio-27-1\" preload=\"none\" style=\"width: 100%;\" controls=\"controls\"><source type=\"audio\/mpeg\" src=\"http:\/\/www.frank-actor.com\/wp-content\/uploads\/2022\/07\/Schwarzer-Tod-Ausschnitt.-Frank-Beier.mp3?_=1\" \/><a href=\"http:\/\/www.frank-actor.com\/wp-content\/uploads\/2022\/07\/Schwarzer-Tod-Ausschnitt.-Frank-Beier.mp3\">http:\/\/www.frank-actor.com\/wp-content\/uploads\/2022\/07\/Schwarzer-Tod-Ausschnitt.-Frank-Beier.mp3<\/a><\/audio>\n<p><span style=\"font-family: tahoma, arial, helvetica, sans-serif;\"><strong>Schwarzer Tod, Ausschnitt H\u00f6rbuch 2020<\/strong><\/span><\/p>\n<hr \/>\n<audio class=\"wp-audio-shortcode\" id=\"audio-27-2\" preload=\"none\" style=\"width: 100%;\" controls=\"controls\"><source type=\"audio\/mpeg\" src=\"http:\/\/www.frank-actor.com\/wp-content\/uploads\/2022\/07\/Frank-Beier-Sprecher-Demo.mp3?_=2\" \/><a href=\"http:\/\/www.frank-actor.com\/wp-content\/uploads\/2022\/07\/Frank-Beier-Sprecher-Demo.mp3\">http:\/\/www.frank-actor.com\/wp-content\/uploads\/2022\/07\/Frank-Beier-Sprecher-Demo.mp3<\/a><\/audio>\n<hr \/>\n<div class=\"wow fadeInLeft\">\n<div class=\"wow fadeInLeft\">\n<div class=\"grey\" style=\"text-align: justify;\">\n<p><img loading=\"lazy\" decoding=\"async\" class=\"pic alignright\" src=\"http:\/\/www.frank-actor.com\/wp-content\/uploads\/2017\/06\/Cover_Daemon.jpg\" alt=\"D\u00e4mon H\u00f6rspiel\" width=\"200\" height=\"200\" \/><\/p>\n<h3>Der entfesselte D\u00e4mon<\/h3>\n<p>Inkubus &#8211; Die sexuelle Beziehung zu einem D\u00e4mon. Kann sie tats\u00e4chlich Wirklichkeit werden? Oder ist sie nur aus einem Alptraum geboren? In der Mitte des 19. Jahrhunderts behandelt der Arzt Dr. Pope eine junge Frau, deren Psyche sich in k\u00fcrzester Zeit dramatisch ver\u00e4ndert. Jegliche wissenschaftliche Logik und alles medizinische Wissen scheint bedeutungslos zu werden. Ein H\u00f6llentrip beginnt&#8230;.<\/p>\n<hr \/>\n<audio class=\"wp-audio-shortcode\" id=\"audio-27-3\" preload=\"none\" style=\"width: 100%;\" controls=\"controls\"><source type=\"audio\/mpeg\" src=\"http:\/\/www.frank-actor.com\/wp-content\/uploads\/2017\/06\/S8.Der_entfesselte_Daemon.mp3?_=3\" \/><a href=\"http:\/\/www.frank-actor.com\/wp-content\/uploads\/2017\/06\/S8.Der_entfesselte_Daemon.mp3\">http:\/\/www.frank-actor.com\/wp-content\/uploads\/2017\/06\/S8.Der_entfesselte_Daemon.mp3<\/a><\/audio>\n<\/div>\n<hr \/>\n<div class=\"wow fadeInLeft\">\n<div class=\"grey\" style=\"text-align: justify;\">\n<p><img loading=\"lazy\" decoding=\"async\" class=\"pic alignright\" src=\"http:\/\/www.frank-actor.com\/wp-content\/uploads\/2017\/06\/Maennerspiesachen-cover.jpg\" alt=\"M\u00e4nnersache H\u00f6rspiel\" width=\"200\" height=\"200\" \/><\/p>\n<h3>M\u00e4nnerspielsachen<\/h3>\n<p>Ein Leckerbissen nicht nur f\u00fcr eingefleischte Audio-Fans: &#8222;M\u00e4nnerspielsachen&#8220; blickt auf unterhaltsame Weise hinter die Testkulissen, stellt Protagonisten der Szene vor und gibt ein wenig Geschichtsunterricht. Autor Stefan Schickedanz beweist sich dabei als langj\u00e4hriger Testspezialist, als Freund von Armbanduhren sowie als waghalsiger Auto- und Sport-Freak.<\/p>\n<hr \/>\n<audio class=\"wp-audio-shortcode\" id=\"audio-27-4\" preload=\"none\" style=\"width: 100%;\" controls=\"controls\"><source type=\"audio\/mpeg\" src=\"http:\/\/www.frank-actor.com\/wp-content\/uploads\/2017\/06\/S9.Maennerspielsachen-Ausschnitt.mp3?_=4\" \/><a href=\"http:\/\/www.frank-actor.com\/wp-content\/uploads\/2017\/06\/S9.Maennerspielsachen-Ausschnitt.mp3\">http:\/\/www.frank-actor.com\/wp-content\/uploads\/2017\/06\/S9.Maennerspielsachen-Ausschnitt.mp3<\/a><\/audio>\n<\/div>\n<\/div>\n<hr \/>\n<div class=\"wow fadeInLeft\">\n<div class=\"grey\" style=\"text-align: justify;\">\n<p>&nbsp;<\/p>\n<h3>Der Todesengel- H\u00f6rbuch von Henry Rohmer 2010<\/h3>\n<p><img loading=\"lazy\" decoding=\"async\" class=\"wp-image-256 alignright\" src=\"http:\/\/www.frank-actor.com\/wp-content\/uploads\/2017\/06\/Cover-Ho776rbuch-Todesengeljpg-300x300.jpg\" alt=\"\" width=\"200\" height=\"200\" srcset=\"https:\/\/www.frank-actor.com\/wp-content\/uploads\/2017\/06\/Cover-Ho776rbuch-Todesengeljpg-300x300.jpg 300w, https:\/\/www.frank-actor.com\/wp-content\/uploads\/2017\/06\/Cover-Ho776rbuch-Todesengeljpg-150x150.jpg 150w, https:\/\/www.frank-actor.com\/wp-content\/uploads\/2017\/06\/Cover-Ho776rbuch-Todesengeljpg-500x500.jpg 500w, https:\/\/www.frank-actor.com\/wp-content\/uploads\/2017\/06\/Cover-Ho776rbuch-Todesengeljpg.jpg 680w\" sizes=\"auto, (max-width: 200px) 100vw, 200px\" \/>Auf der Erde herrscht ein verborgener Krieg zwischen den D\u00e4monen der D\u00e4mmerung und dem Orden vom Weissen Licht. Da taucht der Vernichter auf, ein uraltes Wesen, dass im Buch Exodus als Todesengel die Strafe der zehnten Plage vollstreckte und die Erstgeburt der \u00c4gypter t\u00f6tete.<\/p>\n<p>Der Todesengel ist zur\u00fcckgekehrt und hinterl\u00e4sst eine blutige Spur. Er ist erf\u00fcllt von einem unheimlichen Hunger nach menschlichem Hirn &#8230;<\/p>\n<hr \/>\n<audio class=\"wp-audio-shortcode\" id=\"audio-27-5\" preload=\"none\" style=\"width: 100%;\" controls=\"controls\"><source type=\"audio\/mpeg\" src=\"http:\/\/www.frank-actor.com\/wp-content\/uploads\/2017\/06\/S6.Der-Todesengel.mp3?_=5\" \/><a href=\"http:\/\/www.frank-actor.com\/wp-content\/uploads\/2017\/06\/S6.Der-Todesengel.mp3\">http:\/\/www.frank-actor.com\/wp-content\/uploads\/2017\/06\/S6.Der-Todesengel.mp3<\/a><\/audio>\n<\/div>\n<\/div>\n<hr \/>\n<div class=\"wow fadeInLeft\">\n<div class=\"grey\" style=\"text-align: justify;\">\n<h3>Freundfeuer &#8211; Star Wars H\u00f6rbuch 2009<\/h3>\n<p><img loading=\"lazy\" decoding=\"async\" class=\"alignright wp-image-257\" src=\"http:\/\/www.frank-actor.com\/wp-content\/uploads\/2017\/06\/Forceshadow_III_SymmetryofShadows-300x296.jpg\" alt=\"Cover Star Wars\" width=\"200\" height=\"197\" srcset=\"https:\/\/www.frank-actor.com\/wp-content\/uploads\/2017\/06\/Forceshadow_III_SymmetryofShadows-300x296.jpg 300w, https:\/\/www.frank-actor.com\/wp-content\/uploads\/2017\/06\/Forceshadow_III_SymmetryofShadows-768x758.jpg 768w, https:\/\/www.frank-actor.com\/wp-content\/uploads\/2017\/06\/Forceshadow_III_SymmetryofShadows-1024x1011.jpg 1024w, https:\/\/www.frank-actor.com\/wp-content\/uploads\/2017\/06\/Forceshadow_III_SymmetryofShadows-500x494.jpg 500w, https:\/\/www.frank-actor.com\/wp-content\/uploads\/2017\/06\/Forceshadow_III_SymmetryofShadows.jpg 1432w\" sizes=\"auto, (max-width: 200px) 100vw, 200px\" \/><\/p>\n<hr \/>\n<audio class=\"wp-audio-shortcode\" id=\"audio-27-6\" preload=\"none\" style=\"width: 100%;\" controls=\"controls\"><source type=\"audio\/mpeg\" src=\"http:\/\/www.frank-actor.com\/wp-content\/uploads\/2017\/06\/S3.Freundfeuer.mp3?_=6\" \/><a href=\"http:\/\/www.frank-actor.com\/wp-content\/uploads\/2017\/06\/S3.Freundfeuer.mp3\">http:\/\/www.frank-actor.com\/wp-content\/uploads\/2017\/06\/S3.Freundfeuer.mp3<\/a><\/audio>\n<\/div>\n<\/div>\n<hr \/>\n<div class=\"wow fadeInLeft\">\n<div class=\"grey\" style=\"text-align: justify;\">\n<h3>Verrat der Macht &#8211; Star Wars H\u00f6rbuch 2009<\/h3>\n<p><img loading=\"lazy\" decoding=\"async\" class=\"alignright wp-image-257\" src=\"http:\/\/www.frank-actor.com\/wp-content\/uploads\/2017\/06\/Forceshadow_III_SymmetryofShadows-300x296.jpg\" alt=\"Cover Star Wars\" width=\"200\" height=\"197\" srcset=\"https:\/\/www.frank-actor.com\/wp-content\/uploads\/2017\/06\/Forceshadow_III_SymmetryofShadows-300x296.jpg 300w, https:\/\/www.frank-actor.com\/wp-content\/uploads\/2017\/06\/Forceshadow_III_SymmetryofShadows-768x758.jpg 768w, https:\/\/www.frank-actor.com\/wp-content\/uploads\/2017\/06\/Forceshadow_III_SymmetryofShadows-1024x1011.jpg 1024w, https:\/\/www.frank-actor.com\/wp-content\/uploads\/2017\/06\/Forceshadow_III_SymmetryofShadows-500x494.jpg 500w, https:\/\/www.frank-actor.com\/wp-content\/uploads\/2017\/06\/Forceshadow_III_SymmetryofShadows.jpg 1432w\" sizes=\"auto, (max-width: 200px) 100vw, 200px\" \/><\/p>\n<hr \/>\n<audio class=\"wp-audio-shortcode\" id=\"audio-27-7\" preload=\"none\" style=\"width: 100%;\" controls=\"controls\"><source type=\"audio\/mpeg\" src=\"http:\/\/www.frank-actor.com\/wp-content\/uploads\/2017\/06\/S4.Verrat-der-Macht.mp3?_=7\" \/><a href=\"http:\/\/www.frank-actor.com\/wp-content\/uploads\/2017\/06\/S4.Verrat-der-Macht.mp3\">http:\/\/www.frank-actor.com\/wp-content\/uploads\/2017\/06\/S4.Verrat-der-Macht.mp3<\/a><\/audio>\n<\/div>\n<\/div>\n<hr \/>\n<div class=\"wow fadeInLeft\">\n<div class=\"grey\" style=\"text-align: justify;\">\n<h3>Tiefensog &#8211; Star Wars H\u00f6rbuch 2008<\/h3>\n<p><img loading=\"lazy\" decoding=\"async\" class=\"alignright wp-image-257\" src=\"http:\/\/www.frank-actor.com\/wp-content\/uploads\/2017\/06\/Forceshadow_III_SymmetryofShadows-300x296.jpg\" alt=\"Cover Star Wars\" width=\"200\" height=\"197\" srcset=\"https:\/\/www.frank-actor.com\/wp-content\/uploads\/2017\/06\/Forceshadow_III_SymmetryofShadows-300x296.jpg 300w, https:\/\/www.frank-actor.com\/wp-content\/uploads\/2017\/06\/Forceshadow_III_SymmetryofShadows-768x758.jpg 768w, https:\/\/www.frank-actor.com\/wp-content\/uploads\/2017\/06\/Forceshadow_III_SymmetryofShadows-1024x1011.jpg 1024w, https:\/\/www.frank-actor.com\/wp-content\/uploads\/2017\/06\/Forceshadow_III_SymmetryofShadows-500x494.jpg 500w, https:\/\/www.frank-actor.com\/wp-content\/uploads\/2017\/06\/Forceshadow_III_SymmetryofShadows.jpg 1432w\" sizes=\"auto, (max-width: 200px) 100vw, 200px\" \/><\/p>\n<hr \/>\n<audio class=\"wp-audio-shortcode\" id=\"audio-27-8\" preload=\"none\" style=\"width: 100%;\" controls=\"controls\"><source type=\"audio\/mpeg\" src=\"http:\/\/www.frank-actor.com\/wp-content\/uploads\/2017\/06\/S5.Tiefensog.mp3?_=8\" \/><a href=\"http:\/\/www.frank-actor.com\/wp-content\/uploads\/2017\/06\/S5.Tiefensog.mp3\">http:\/\/www.frank-actor.com\/wp-content\/uploads\/2017\/06\/S5.Tiefensog.mp3<\/a><\/audio>\n<\/div>\n<\/div>\n<hr \/>\n<div class=\"wow fadeInLeft\">\n<div class=\"grey\" style=\"text-align: justify;\">\n<h3>Der Greifer<\/h3>\n<hr \/>\n<audio class=\"wp-audio-shortcode\" id=\"audio-27-9\" preload=\"none\" style=\"width: 100%;\" controls=\"controls\"><source type=\"audio\/mpeg\" src=\"http:\/\/www.frank-actor.com\/wp-content\/uploads\/2017\/06\/S2.Der-Greif-mit-M.mp3?_=9\" \/><a href=\"http:\/\/www.frank-actor.com\/wp-content\/uploads\/2017\/06\/S2.Der-Greif-mit-M.mp3\">http:\/\/www.frank-actor.com\/wp-content\/uploads\/2017\/06\/S2.Der-Greif-mit-M.mp3<\/a><\/audio>\n<\/div>\n<\/div>\n<hr \/>\n<div class=\"wow fadeInLeft\">\n<div class=\"grey\" style=\"text-align: justify;\">\n<h3>Golum<\/h3>\n<hr \/>\n<audio class=\"wp-audio-shortcode\" id=\"audio-27-10\" preload=\"none\" style=\"width: 100%;\" controls=\"controls\"><source type=\"audio\/mpeg\" src=\"http:\/\/www.frank-actor.com\/wp-content\/uploads\/2017\/06\/S1.Frank-Beier-Text-Golum.mp3?_=10\" \/><a href=\"http:\/\/www.frank-actor.com\/wp-content\/uploads\/2017\/06\/S1.Frank-Beier-Text-Golum.mp3\">http:\/\/www.frank-actor.com\/wp-content\/uploads\/2017\/06\/S1.Frank-Beier-Text-Golum.mp3<\/a><\/audio>\n<\/div>\n<\/div>\n<hr \/>\n<div class=\"wow fadeInLeft\">\n<div class=\"grey\" style=\"text-align: justify;\">\n<h3>Die Vergessene Welt<\/h3>\n<hr \/>\n<audio class=\"wp-audio-shortcode\" id=\"audio-27-11\" preload=\"none\" style=\"width: 100%;\" controls=\"controls\"><source type=\"audio\/mpeg\" src=\"http:\/\/www.frank-actor.com\/wp-content\/uploads\/2017\/06\/S7.Die-Vergessene-w-Mit-Musik.mp3?_=11\" \/><a href=\"http:\/\/www.frank-actor.com\/wp-content\/uploads\/2017\/06\/S7.Die-Vergessene-w-Mit-Musik.mp3\">http:\/\/www.frank-actor.com\/wp-content\/uploads\/2017\/06\/S7.Die-Vergessene-w-Mit-Musik.mp3<\/a><\/audio>\n<\/div>\n<\/div>\n<\/div>\n<\/div>\n","protected":false},"excerpt":{"rendered":"<p>H\u00f6rproben H\u00f6rspiele, H\u00f6rb\u00fccher, Werbesprecher, Offset und Podcast sind eine grosse Leidenschaft von mir. Ich spreche mit einen warmen, seichten Ton, kann aber auch in den Bass Bereich abtauchen. Durch meine Gesangsausbildung ist meine Stimme sehr wandelbar und vielseitig einsetzbar. Hier h\u00f6ren sie einen kleinen Ausschnitt von\u00a0 verschiedenen Produktionen. Schwarzer Tod, Ausschnitt H\u00f6rbuch 2020 Der entfesselte&hellip;<\/p>\n","protected":false},"author":1,"featured_media":0,"parent":0,"menu_order":0,"comment_status":"closed","ping_status":"closed","template":"","meta":{"jetpack_post_was_ever_published":false,"footnotes":""},"class_list":["post-27","page","type-page","status-publish","hentry","no-post-thumbnail","post-grid-3-col","entry"],"jetpack_sharing_enabled":true,"jetpack_shortlink":"https:\/\/wp.me\/P8P08l-r","_links":{"self":[{"href":"https:\/\/www.frank-actor.com\/index.php?rest_route=\/wp\/v2\/pages\/27","targetHints":{"allow":["GET"]}}],"collection":[{"href":"https:\/\/www.frank-actor.com\/index.php?rest_route=\/wp\/v2\/pages"}],"about":[{"href":"https:\/\/www.frank-actor.com\/index.php?rest_route=\/wp\/v2\/types\/page"}],"author":[{"embeddable":true,"href":"https:\/\/www.frank-actor.com\/index.php?rest_route=\/wp\/v2\/users\/1"}],"replies":[{"embeddable":true,"href":"https:\/\/www.frank-actor.com\/index.php?rest_route=%2Fwp%2Fv2%2Fcomments&post=27"}],"version-history":[{"count":11,"href":"https:\/\/www.frank-actor.com\/index.php?rest_route=\/wp\/v2\/pages\/27\/revisions"}],"predecessor-version":[{"id":3937,"href":"https:\/\/www.frank-actor.com\/index.php?rest_route=\/wp\/v2\/pages\/27\/revisions\/3937"}],"wp:attachment":[{"href":"https:\/\/www.frank-actor.com\/index.php?rest_route=%2Fwp%2Fv2%2Fmedia&parent=27"}],"curies":[{"name":"wp","href":"https:\/\/api.w.org\/{rel}","templated":true}]}}